{"id":59,"date":"2020-10-14T09:04:54","date_gmt":"2020-10-14T09:04:54","guid":{"rendered":"http:\/\/www.elsdyrlokken.dk\/?page_id=59"},"modified":"2024-04-01T12:56:59","modified_gmt":"2024-04-01T12:56:59","slug":"boligerne","status":"publish","type":"page","link":"https:\/\/elsdyrlokken.dk\/?page_id=59","title":{"rendered":"Boligerne"},"content":{"rendered":"\n<h1 class=\"wp-block-heading\"><a>Stamdata<\/a><\/h1>\n\n\n\n<p><strong>Foreningen best\u00e5r af 22 andele, i t\u00e6t-lav bebyggelse, fordelt p\u00e5:<\/strong><\/p>\n\n\n\n<p>8 stk. type 64 m2<\/p>\n\n\n\n<p>1 stk. type 83 m2<\/p>\n\n\n\n<p>7 stk. type 91 m2<\/p>\n\n\n\n<p>6 stk. type 110 m2<\/p>\n\n\n\n<p>Boligerne m\u00e5 udelukkende benyttes til beboelse, og ikke til erhverv i nogen form<\/p>\n\n\n\n<p>Stiftelse \/Opf\u00f8relse:  1987<\/p>\n\n\n\n<p>Matrikelnumre: Ejerlav 3311351, Matrikel 7M, Korup By, Tr\u00f8strup-Korup<\/p>\n\n\n\n<p>Kommunekode: 461 \u2013 Odense Kommune<\/p>\n","protected":false},"excerpt":{"rendered":"<p>Stamdata Foreningen best\u00e5r af 22 andele, i t\u00e6t-lav bebyggelse, fordelt p\u00e5: 8 stk. type 64 m2 1 stk. type 83 m2 7 stk. type 91 m2 6 stk. type 110 m2 Boligerne m\u00e5 udelukkende benyttes til beboelse, og ikke til erhverv i nogen form Stiftelse \/Opf\u00f8relse: 1987 Matrikelnumre: Ejerlav 3311351, Matrikel 7M, Korup By, Tr\u00f8strup-Korup &hellip; <\/p>\n<p class=\"link-more\"><a href=\"https:\/\/elsdyrlokken.dk\/?page_id=59\" class=\"more-link\">L\u00e6s videre<span class=\"screen-reader-text\"> &#8220;Boligerne&#8221;<\/span><\/a><\/p>\n","protected":false},"author":1,"featured_media":0,"parent":0,"menu_order":0,"comment_status":"closed","ping_status":"closed","template":"","meta":{"footnotes":""},"class_list":["post-59","page","type-page","status-publish","hentry"],"_links":{"self":[{"href":"https:\/\/elsdyrlokken.dk\/index.php?rest_route=\/wp\/v2\/pages\/59","targetHints":{"allow":["GET"]}}],"collection":[{"href":"https:\/\/elsdyrlokken.dk\/index.php?rest_route=\/wp\/v2\/pages"}],"about":[{"href":"https:\/\/elsdyrlokken.dk\/index.php?rest_route=\/wp\/v2\/types\/page"}],"author":[{"embeddable":true,"href":"https:\/\/elsdyrlokken.dk\/index.php?rest_route=\/wp\/v2\/users\/1"}],"replies":[{"embeddable":true,"href":"https:\/\/elsdyrlokken.dk\/index.php?rest_route=%2Fwp%2Fv2%2Fcomments&post=59"}],"version-history":[{"count":4,"href":"https:\/\/elsdyrlokken.dk\/index.php?rest_route=\/wp\/v2\/pages\/59\/revisions"}],"predecessor-version":[{"id":129,"href":"https:\/\/elsdyrlokken.dk\/index.php?rest_route=\/wp\/v2\/pages\/59\/revisions\/129"}],"wp:attachment":[{"href":"https:\/\/elsdyrlokken.dk\/index.php?rest_route=%2Fwp%2Fv2%2Fmedia&parent=59"}],"curies":[{"name":"wp","href":"https:\/\/api.w.org\/{rel}","templated":true}]}}