{"id":18,"date":"2020-10-09T12:08:07","date_gmt":"2020-10-09T12:08:07","guid":{"rendered":"http:\/\/www.elsdyrlokken.dk\/?page_id=18"},"modified":"2025-11-10T09:39:48","modified_gmt":"2025-11-10T09:39:48","slug":"foreningens-hjemmeside","status":"publish","type":"page","link":"https:\/\/elsdyrlokken.dk\/","title":{"rendered":"Velkommen til foreningens hjemmeside"},"content":{"rendered":"\n<p><strong>Den Private Andelsboligforening Elsdyrl\u00f8kken<\/strong> ligger i Korup i den nordvestlige del af Odense. Vi ligger i kort g\u00e5-afstand til 4 supermarkeder, apotek, blomsterhandel, pizzaria, bager, fris\u00f8rer og l\u00e6gehus samt bus til letbanen ved Tarup Center og der fra videre til Odense C. Korup har ogs\u00e5 alt det et lokalt samfund kan \u00f8nske sig &#8211; skole, b\u00f8rnehaver, fritidshus, motionscenter, bibliotek, sportsfaciliteter og s\u00e5 er vi omgivet af dejlig natur. Der er cykel og gangsti (Langes\u00f8stien) som g\u00e5r helt fra Langes\u00f8 til Odense .<\/p>\n\n\n\n<p>Vi er en selvadministreret andelsboligforening med 22 boliger i st\u00f8rrelser til enhver familie. Fra 64 &#8211; 110m2. Vi foretager l\u00f8bende investeringer i modernisering og vedligehold, s\u00e5 vores boliger altid fremst\u00e5r i god og opdateret stand.<\/p>\n\n\n\n<p>Foreningen blev stiftet 1987, boligerne er tegnet og opf\u00f8rt af ArkitektGruppen. Husene er opf\u00f8rt som r\u00e6kkehuse med 2 &#8211; 6 boliger.<\/p>\n\n\n\n<p><\/p>\n\n\n\n<figure class=\"wp-block-image size-large\"><img loading=\"lazy\" decoding=\"async\" width=\"1024\" height=\"576\" src=\"https:\/\/elsdyrlokken.dk\/wp-content\/uploads\/2025\/06\/DPAE-luftfoto-1024x576.jpg\" alt=\"\" class=\"wp-image-209\" srcset=\"https:\/\/elsdyrlokken.dk\/wp-content\/uploads\/2025\/06\/DPAE-luftfoto-1024x576.jpg 1024w, https:\/\/elsdyrlokken.dk\/wp-content\/uploads\/2025\/06\/DPAE-luftfoto-300x169.jpg 300w, https:\/\/elsdyrlokken.dk\/wp-content\/uploads\/2025\/06\/DPAE-luftfoto-768x432.jpg 768w, https:\/\/elsdyrlokken.dk\/wp-content\/uploads\/2025\/06\/DPAE-luftfoto-1536x864.jpg 1536w, https:\/\/elsdyrlokken.dk\/wp-content\/uploads\/2025\/06\/DPAE-luftfoto-2048x1152.jpg 2048w\" sizes=\"auto, (max-width: 767px) 89vw, (max-width: 1000px) 54vw, (max-width: 1071px) 543px, 580px\" \/><figcaption class=\"wp-element-caption\">22 moderne andelsboliger i forskellige st\u00f8rrelser<\/figcaption><\/figure>\n\n\n\n<figure class=\"wp-block-image size-large\"><img loading=\"lazy\" decoding=\"async\" width=\"1024\" height=\"770\" src=\"https:\/\/elsdyrlokken.dk\/wp-content\/uploads\/2024\/05\/DPAE-110-m2-1024x770.jpg\" alt=\"\" class=\"wp-image-161\" srcset=\"https:\/\/elsdyrlokken.dk\/wp-content\/uploads\/2024\/05\/DPAE-110-m2-1024x770.jpg 1024w, https:\/\/elsdyrlokken.dk\/wp-content\/uploads\/2024\/05\/DPAE-110-m2-300x226.jpg 300w, https:\/\/elsdyrlokken.dk\/wp-content\/uploads\/2024\/05\/DPAE-110-m2-768x578.jpg 768w, https:\/\/elsdyrlokken.dk\/wp-content\/uploads\/2024\/05\/DPAE-110-m2-1536x1155.jpg 1536w, https:\/\/elsdyrlokken.dk\/wp-content\/uploads\/2024\/05\/DPAE-110-m2-2048x1540.jpg 2048w\" sizes=\"auto, (max-width: 767px) 89vw, (max-width: 1000px) 54vw, (max-width: 1071px) 543px, 580px\" \/><\/figure>\n","protected":false},"excerpt":{"rendered":"<p>Den Private Andelsboligforening Elsdyrl\u00f8kken ligger i Korup i den nordvestlige del af Odense. Vi ligger i kort g\u00e5-afstand til 4 supermarkeder, apotek, blomsterhandel, pizzaria, bager, fris\u00f8rer og l\u00e6gehus samt bus til letbanen ved Tarup Center og der fra videre til Odense C. Korup har ogs\u00e5 alt det et lokalt samfund kan \u00f8nske sig &#8211; skole, &hellip; <\/p>\n<p class=\"link-more\"><a href=\"https:\/\/elsdyrlokken.dk\/\" class=\"more-link\">L\u00e6s videre<span class=\"screen-reader-text\"> &#8220;Velkommen til foreningens hjemmeside&#8221;<\/span><\/a><\/p>\n","protected":false},"author":1,"featured_media":0,"parent":0,"menu_order":0,"comment_status":"closed","ping_status":"closed","template":"","meta":{"footnotes":""},"class_list":["post-18","page","type-page","status-publish","hentry"],"_links":{"self":[{"href":"https:\/\/elsdyrlokken.dk\/index.php?rest_route=\/wp\/v2\/pages\/18","targetHints":{"allow":["GET"]}}],"collection":[{"href":"https:\/\/elsdyrlokken.dk\/index.php?rest_route=\/wp\/v2\/pages"}],"about":[{"href":"https:\/\/elsdyrlokken.dk\/index.php?rest_route=\/wp\/v2\/types\/page"}],"author":[{"embeddable":true,"href":"https:\/\/elsdyrlokken.dk\/index.php?rest_route=\/wp\/v2\/users\/1"}],"replies":[{"embeddable":true,"href":"https:\/\/elsdyrlokken.dk\/index.php?rest_route=%2Fwp%2Fv2%2Fcomments&post=18"}],"version-history":[{"count":25,"href":"https:\/\/elsdyrlokken.dk\/index.php?rest_route=\/wp\/v2\/pages\/18\/revisions"}],"predecessor-version":[{"id":222,"href":"https:\/\/elsdyrlokken.dk\/index.php?rest_route=\/wp\/v2\/pages\/18\/revisions\/222"}],"wp:attachment":[{"href":"https:\/\/elsdyrlokken.dk\/index.php?rest_route=%2Fwp%2Fv2%2Fmedia&parent=18"}],"curies":[{"name":"wp","href":"https:\/\/api.w.org\/{rel}","templated":true}]}}