{"id":14,"date":"2020-10-09T12:08:07","date_gmt":"2020-10-09T12:08:07","guid":{"rendered":"http:\/\/www.elsdyrlokken.dk\/?page_id=14"},"modified":"2025-11-10T09:38:24","modified_gmt":"2025-11-10T09:38:24","slug":"kontakt","status":"publish","type":"page","link":"https:\/\/elsdyrlokken.dk\/?page_id=14","title":{"rendered":"Kontakt"},"content":{"rendered":"\n<p><strong>Formand:<\/strong> Lone Berlin, Elsdyrl\u00f8kken 42 A, tlf. 4242 4002<\/p>\n\n\n\n<p><strong>N\u00e6stformand: <\/strong>S\u00f8ren J\u00f8rgensen, Elsdyrl\u00f8kken 50 D<\/p>\n\n\n\n<p><strong>Kasserer:<\/strong> Helge Steenstrup, Elsdyrl\u00f8kken 42 B, tlf. 5134 0574<\/p>\n\n\n<div class=\"wpforms-container wpforms-container-full\" id=\"wpforms-91\"><form id=\"wpforms-form-91\" class=\"wpforms-validate wpforms-form\" data-formid=\"91\" method=\"post\" enctype=\"multipart\/form-data\" action=\"\/index.php?rest_route=%2Fwp%2Fv2%2Fpages%2F14\" data-token=\"98cdbbb26661428b495c0755091dbdab\"><noscript class=\"wpforms-error-noscript\">Please enable JavaScript in your browser to complete this form.<\/noscript><div class=\"wpforms-field-container\"><div id=\"wpforms-91-field_4-container\" class=\"wpforms-field wpforms-field-text\" data-field-id=\"4\"><label class=\"wpforms-field-label\" for=\"wpforms-91-field_4\">Navn<\/label><input type=\"text\" id=\"wpforms-91-field_4\" class=\"wpforms-field-medium\" name=\"wpforms[fields][4]\" ><\/div><div id=\"wpforms-91-field_1-container\" class=\"wpforms-field wpforms-field-email\" data-field-id=\"1\"><label class=\"wpforms-field-label\" for=\"wpforms-91-field_1\">Email <span class=\"wpforms-required-label\">*<\/span><\/label><input type=\"email\" id=\"wpforms-91-field_1\" class=\"wpforms-field-medium wpforms-field-required\" name=\"wpforms[fields][1]\" required><\/div><div id=\"wpforms-91-field_2-container\" class=\"wpforms-field wpforms-field-textarea\" data-field-id=\"2\"><label class=\"wpforms-field-label\" for=\"wpforms-91-field_2\">Dit sp\u00f8rgsm\u00e5l \/ kommentar <span class=\"wpforms-required-label\">*<\/span><\/label><textarea id=\"wpforms-91-field_2\" class=\"wpforms-field-medium wpforms-field-required\" name=\"wpforms[fields][2]\" required><\/textarea><\/div><\/div><div class=\"wpforms-submit-container\"><input type=\"hidden\" name=\"wpforms[id]\" value=\"91\"><input type=\"hidden\" name=\"wpforms[author]\" value=\"1\"><button type=\"submit\" name=\"wpforms[submit]\" id=\"wpforms-submit-91\" class=\"wpforms-submit\" data-alt-text=\"Sender--\" data-submit-text=\"Send\" aria-live=\"assertive\" value=\"wpforms-submit\">Send<\/button><\/div><\/form><\/div>  <!-- .wpforms-container -->\n\n\n<p>PS! Vi svarer s\u00e5 hurtigt som muligt. <\/p>\n\n\n\n<p><strong><em>Uopfordrede reklamer fra virksomheder frabedes og vil blive slettet samt blokeret.<\/em><\/strong><\/p>\n","protected":false},"excerpt":{"rendered":"<p>Formand: Lone Berlin, Elsdyrl\u00f8kken 42 A, tlf. 4242 4002 N\u00e6stformand: S\u00f8ren J\u00f8rgensen, Elsdyrl\u00f8kken 50 D Kasserer: Helge Steenstrup, Elsdyrl\u00f8kken 42 B, tlf. 5134 0574 PS! Vi svarer s\u00e5 hurtigt som muligt. Uopfordrede reklamer fra virksomheder frabedes og vil blive slettet samt blokeret.<\/p>\n","protected":false},"author":1,"featured_media":0,"parent":0,"menu_order":0,"comment_status":"closed","ping_status":"closed","template":"","meta":{"footnotes":""},"class_list":["post-14","page","type-page","status-publish","hentry"],"_links":{"self":[{"href":"https:\/\/elsdyrlokken.dk\/index.php?rest_route=\/wp\/v2\/pages\/14","targetHints":{"allow":["GET"]}}],"collection":[{"href":"https:\/\/elsdyrlokken.dk\/index.php?rest_route=\/wp\/v2\/pages"}],"about":[{"href":"https:\/\/elsdyrlokken.dk\/index.php?rest_route=\/wp\/v2\/types\/page"}],"author":[{"embeddable":true,"href":"https:\/\/elsdyrlokken.dk\/index.php?rest_route=\/wp\/v2\/users\/1"}],"replies":[{"embeddable":true,"href":"https:\/\/elsdyrlokken.dk\/index.php?rest_route=%2Fwp%2Fv2%2Fcomments&post=14"}],"version-history":[{"count":14,"href":"https:\/\/elsdyrlokken.dk\/index.php?rest_route=\/wp\/v2\/pages\/14\/revisions"}],"predecessor-version":[{"id":221,"href":"https:\/\/elsdyrlokken.dk\/index.php?rest_route=\/wp\/v2\/pages\/14\/revisions\/221"}],"wp:attachment":[{"href":"https:\/\/elsdyrlokken.dk\/index.php?rest_route=%2Fwp%2Fv2%2Fmedia&parent=14"}],"curies":[{"name":"wp","href":"https:\/\/api.w.org\/{rel}","templated":true}]}}